{"id":2882,"date":"2018-07-04T13:26:29","date_gmt":"2018-07-04T13:26:29","guid":{"rendered":"http:\/\/www.stephentaylorarchitects.co.uk\/profile\/"},"modified":"2022-12-08T16:48:12","modified_gmt":"2022-12-08T16:48:12","slug":"profile","status":"publish","type":"page","link":"https:\/\/www.stephentaylorarchitects.co.uk\/fr\/profile\/","title":{"rendered":"Profil"},"content":{"rendered":"<p>Stephen Taylor Architects est un cabinet prim\u00e9 qui travaille tant au niveau national qu\u2019international pour produire des b\u00e2timents et de l\u2019urbanisme contemporains et de haute qualit\u00e9. Stephen Taylor dirige un studio \u00e0 Shoreditch, dans l\u2019est de Londres, depuis 1993, ainsi qu\u2019une agence \u00e0 Paris depuis 2021. Le cabinet a notamment \u00e9t\u00e9 nomm\u00e9 architecte de l\u2019ann\u00e9e par l\u2019AYA en 2009 et \u00e0 nouveau en 2010 pour son travail dans le domaine du logement et de la planification.<\/p>\n<p>Gr\u00e2ce \u00e0 un engagement constant dans la dimension sociale de l\u2019architecture aussi bien que dans son potentiel pour l\u2019expression artistique et culturelle, nous reconnaissons l\u2019existence d\u2019un processus collectif sans fin auquel les b\u00e2timents et les villes appartiennent, dans le continuum \u00e9conomique, social et culturel. Parmi nos int\u00e9r\u00eats, un soucis permanent \u00e9merge quant \u00e0 l\u2019impact \u00e9motionnel direct que peut produire l\u2019architecture \u00e0 travers sa pr\u00e9sence physique et picturale, son association de mat\u00e9riaux et ses proc\u00e9d\u00e9s de construction. Une architecture qui peut \u00eatre \u00e0 la fois consensuelle et catalytique, mondaine et dramatique. ous sommes engag\u00e9s dans la voie de la construction durable et dans la recherche de nouvelles technologies dans le but de r\u00e9aliser des b\u00e2timents satisfaisant non seulement les attentes de nos clients concernant la qualit\u00e9 de l\u2019espace, de l\u2019air, de la lumi\u00e8re, et les aspects \u00e9conomiques, mais satisfaisant \u00e9galement notre responsabilit\u00e9 quant \u00e0 l\u2019environnement.<\/p>\n<p><img decoding=\"async\" class=\"alignnone size-full wp-image-1454 no-lazyload\" src=\"http:\/\/www.stephentaylorarchitects.co.uk\/wp-content\/uploads\/2018\/09\/studio-models-2.jpg\" alt=\"\" width=\"1825\" height=\"1100\" srcset=\"https:\/\/www.stephentaylorarchitects.co.uk\/wp-content\/uploads\/2018\/09\/studio-models-2.jpg 1825w, https:\/\/www.stephentaylorarchitects.co.uk\/wp-content\/uploads\/2018\/09\/studio-models-2-300x181.jpg 300w, https:\/\/www.stephentaylorarchitects.co.uk\/wp-content\/uploads\/2018\/09\/studio-models-2-768x463.jpg 768w, https:\/\/www.stephentaylorarchitects.co.uk\/wp-content\/uploads\/2018\/09\/studio-models-2-1024x617.jpg 1024w\" sizes=\"(max-width: 1825px) 100vw, 1825px\" \/><\/p>\n","protected":false},"excerpt":{"rendered":"<p>Stephen Taylor Architects est un cabinet prim\u00e9 qui travaille tant au niveau national qu\u2019international pour produire des b\u00e2timents et de l\u2019urbanisme contemporains et de haute qualit\u00e9. Stephen Taylor dirige un studio \u00e0 Shoreditch, dans l\u2019est de Londres, depuis 1993, ainsi qu\u2019une agence \u00e0 Paris depuis 2021. Le cabinet a notamment \u00e9t\u00e9 nomm\u00e9 architecte de l\u2019ann\u00e9e&#8230;<\/p>\n","protected":false},"author":1,"featured_media":0,"parent":0,"menu_order":0,"comment_status":"closed","ping_status":"closed","template":"","meta":{"footnotes":""},"class_list":["post-2882","page","type-page","status-publish","hentry"],"_links":{"self":[{"href":"https:\/\/www.stephentaylorarchitects.co.uk\/fr\/wp-json\/wp\/v2\/pages\/2882","targetHints":{"allow":["GET"]}}],"collection":[{"href":"https:\/\/www.stephentaylorarchitects.co.uk\/fr\/wp-json\/wp\/v2\/pages"}],"about":[{"href":"https:\/\/www.stephentaylorarchitects.co.uk\/fr\/wp-json\/wp\/v2\/types\/page"}],"author":[{"embeddable":true,"href":"https:\/\/www.stephentaylorarchitects.co.uk\/fr\/wp-json\/wp\/v2\/users\/1"}],"replies":[{"embeddable":true,"href":"https:\/\/www.stephentaylorarchitects.co.uk\/fr\/wp-json\/wp\/v2\/comments?post=2882"}],"version-history":[{"count":3,"href":"https:\/\/www.stephentaylorarchitects.co.uk\/fr\/wp-json\/wp\/v2\/pages\/2882\/revisions"}],"predecessor-version":[{"id":3067,"href":"https:\/\/www.stephentaylorarchitects.co.uk\/fr\/wp-json\/wp\/v2\/pages\/2882\/revisions\/3067"}],"wp:attachment":[{"href":"https:\/\/www.stephentaylorarchitects.co.uk\/fr\/wp-json\/wp\/v2\/media?parent=2882"}],"curies":[{"name":"wp","href":"https:\/\/api.w.org\/{rel}","templated":true}]}}