{"id":2880,"date":"2018-07-04T13:30:31","date_gmt":"2018-07-04T13:30:31","guid":{"rendered":"http:\/\/www.stephentaylorarchitects.co.uk\/people\/"},"modified":"2025-07-21T09:12:23","modified_gmt":"2025-07-21T09:12:23","slug":"equipe","status":"publish","type":"page","link":"https:\/\/www.stephentaylorarchitects.co.uk\/fr\/equipe\/","title":{"rendered":"Equipe"},"content":{"rendered":"\n<h5 class=\"wp-block-heading has-medium-font-size\">Royaume-Uni<\/h5>\n\n<div style=\"height:60px\" aria-hidden=\"true\" class=\"wp-block-spacer\"><\/div>\n\n<div class=\"wp-block-group is-content-justification-left is-layout-flex wp-container-core-group-is-layout-f8410fd9 wp-block-group-is-layout-flex\" style=\"font-size:15px\">\n<p> <\/p><details>\n<summary><span style=\"text-decoration: underline;\">Stephen Taylor<\/span><\/summary>\nIl est actuellement responsable de tous les projets qui passent par l\u2019agence, en France et au Royaume-Uni. Il travaille en \u00e9troite collaboration avec tous les membres de l\u2019\u00e9quipe (architectes, assistants et administratrice) pour assurer la coh\u00e9sion et la qualit\u00e9 constante de tous les projets, depuis leur phase de conception jusqu\u2019au suivi du chantier et leur r\u00e9ception par le ma\u00eetre d\u2019ouvrage. Stephen a \u00e9t\u00e9 nomm\u00e9 \u00ab enabler \u00bb par la CABE dans le cadre de son programme \u00ab Enabling \u00bb. Il a \u00e9galement travaill\u00e9 en tant que consultant pour l&rsquo;Agence de d\u00e9veloppement de Londres, en tant que membre de son groupe de conseillers en design, et en tant que membre du groupe de conseil en design de Newham. Il a donn\u00e9 de nombreuses conf\u00e9rences sur l&rsquo;architecture et l&rsquo;urbanisme dans toute l&rsquo;Europe et est actuellement ma\u00eetre de conf\u00e9rence \u00e0 l&rsquo;\u00e9cole d&rsquo;art, d&rsquo;architecture et de design de la CASS, o\u00f9 il enseigne depuis 2007.<\/details>\n\n\n\n<p> <\/p><details>\n<summary><span style=\"text-decoration: underline;\">Lucie Regent<\/span><\/summary>\nN\u00e9e en France, Lucie est titulaire d&rsquo;une ma\u00eetrise en gestion des arts de l&rsquo;Universit\u00e9 de Lille. Elle a eu sa propre soci\u00e9t\u00e9 de presse et de relations publiques en France o\u00f9 elle a travaill\u00e9 pour des festivals tels que le Festival International de la Photographie d\u2019Arles. Elle s\u2019est install\u00e9e en Angleterre et a rejoint STA en 2002. Elle fait partie int\u00e9grante de l\u2019\u00e9quipe qui g\u00e8re le bureau et ses finances.<\/details>\n\n\n\n<p> <\/p>\n<details>\n<summary><span style=\"text-decoration: underline;\">Sam Holden<\/span><\/summary>\nSam, en tant que directeur associ\u00e9, assure la supervision strat\u00e9gique de l&rsquo;ensemble des activit\u00e9s du cabinet. Il a rejoint Stephen Taylor Architects en 2007 et a dirig\u00e9 un certain nombre de projets de toutes tailles. Sam a \u00e9tudi\u00e9 \u00e0 l\u2019universit\u00e9 de Manchester et \u00e0 l\u2019universit\u00e9 de Kingston, o\u00f9 il a obtenu une distinction lors de l\u2019obtention de son dipl\u00f4me en 2003. Il a obtenu sa qualification professionnelle en 2005. Entre 1999 et 2007, Sam a travaill\u00e9 pour un certain nombre de cabinets, dont Glenn Howells Architects et Hogarth Architects.<\/details>\n\n\n\n<p> <\/p>\n<details>\n<summary><span style=\"text-decoration: underline;\">Pepyn Nolet<\/span><\/summary>\nPepyn a \u00e9tudi\u00e9 l&rsquo;architecture \u00e0 l&rsquo;universit\u00e9 technique d&rsquo;Eindhoven aux Pays-Bas. Apr\u00e8s avoir obtenu son dipl\u00f4me d&rsquo;architecte en 1997, il a d&rsquo;abord travaill\u00e9 dans des cabinets de design \u00e0 Amsterdam, contribuant \u00e0 un large \u00e9ventail de projets allant du logement \u00e0 la conception d&rsquo;espaces publics. Il a rejoint Stephen Taylor Architects pour la premi\u00e8re fois en 2006 et a travaill\u00e9 en tant qu&rsquo;architecte sur un certain nombre de projets. En 2024, il est devenu directeur associ\u00e9 et participe actuellement \u00e0 tous les projets du cabinet, de la conception initiale \u00e0 la livraison.   <\/details>\n\n\n\n<p> <\/p>\n<details>\n<summary><span style=\"text-decoration: underline;\">Adam Webster <\/span><\/summary><br\/>Adam a \u00e9tudi\u00e9 \u00e0 l\u2019universit\u00e9 de Manchester et \u00e0 la CASS School of Art, o\u00f9 il a obtenu son dipl\u00f4me en 2016. Entre 2012 et 2016, Adam a travaill\u00e9 pour un certain nombre d\u2019agences \u00e0 Londres, acqu\u00e9rant de l\u2019exp\u00e9rience dans la conception de logements. Depuis qu\u2019il a rejoint le cabinet, il a particip\u00e9 \u00e0 un certain nombre de projets, et aide actuellement \u00e0 diriger le r\u00e9am\u00e9nagement d\u2019un entrep\u00f4t dans l\u2019est de Londres.\n<\/details>\n\n\n\n<p> <\/p>\n<details>\n<summary><span style=\"text-decoration: underline;\">Shuning Zhu<\/span><\/summary><br\/>Shuning a \u00e9tudi\u00e9 \u00e0 l&rsquo;\u00e9cole d&rsquo;architecture de Sheffield et \u00e0 l&rsquo;\u00e9cole d&rsquo;art, d&rsquo;architecture et de design de la london metropolitan univsersity, o\u00f9 elle a obtenu son dipl\u00f4me avec distinction en 2022. Shuning a travaill\u00e9 \u00e0 Londres, Tokyo et Shanghai, et a acquis de l&rsquo;exp\u00e9rience en travaillant sur un \u00e9ventail de projets de diff\u00e9rents types et \u00e9chelles avant de rejoindre Stephen Taylor Architects en 2022. Elle travaille actuellement sur le projet de r\u00e9habilitation pour le conseil municipal de Hackney. \n<\/details>\n\n\n\n<p> <\/p>\n<details>\n<summary><span style=\"text-decoration: underline;\">Will Hall<\/span><\/summary><br\/>Will est \u00e9tudiant en alternance en master en architecture chez Stephen Taylor Architects, qu&rsquo;il a rejoint en 2023. Il \u00e9tudie actuellement \u00e0 la London Metropolitan University et a suivi sa license \u00e0 l&rsquo;universit\u00e9 de Nottingham. Will a de l&rsquo;exp\u00e9rience dans le secteur de l&rsquo;\u00e9ducation et de l&rsquo;architecture d&rsquo;int\u00e9rieur gr\u00e2ce \u00e0 son exp\u00e9rience dans d&rsquo;autres cabinets. Il est membre du conseil d&rsquo;administration du Kingsgate Workshop Trust. Il travaille actuellement sur un centre communautaire et un programme de logements sociaux \u00e0 Hackney, qui pr\u00e9voit la construction de 70 logements sociaux.\n<\/details>\n\n\n\n<p> <\/p>\n<details>\n<summary><span style=\"text-decoration: underline;\">Benjamin Faure<\/span><\/summary><br\/>Benjamin est assistant de projet chez Stephen Taylor Architects. Il a \u00e9tudi\u00e9 \u00e0 l&rsquo;\u00e9cole d&rsquo;architecture de Manchester et \u00e0 l&rsquo;\u00e9cole d&rsquo;architecture de Bartlett, o\u00f9 il a obtenu son dipl\u00f4me avec distinction en 2024. Benjamin a d\u00e9j\u00e0 travaill\u00e9 \u00e0 Barcelone et \u00e0 Berlin sur des projets r\u00e9sidentiels priv\u00e9s de petite taille et a \u00e9t\u00e9 en r\u00e9sidence avec un duo d&rsquo;artistes en Su\u00e8de. Depuis qu&rsquo;il a rejoint le cabinet, il a travaill\u00e9 sur plusieurs projets dans les C\u00e9vennes et participe actuellement \u00e0 un projet de logements sociaux pour le Royal Borough of Greenwich.   \n<\/details>\n<\/div>\n\n<div style=\"height:60px\" aria-hidden=\"true\" class=\"wp-block-spacer\"><\/div>\n\n<h5 class=\"wp-block-heading has-medium-font-size\">France<\/h5>\n\n<div style=\"height:60px\" aria-hidden=\"true\" class=\"wp-block-spacer\"><\/div>\n\n<div class=\"wp-block-group is-content-justification-left is-layout-flex wp-container-core-group-is-layout-f8410fd9 wp-block-group-is-layout-flex\" style=\"font-size:15px\">\n<p> <\/p><details>\n<summary><span style=\"text-decoration: underline;\">Stephen Taylor<\/span><\/summary>\nIl est actuellement responsable de tous les projets qui passent par l\u2019agence, en France et au Royaume-Uni. Il travaille en \u00e9troite collaboration avec tous les membres de l\u2019\u00e9quipe (architectes, assistants et administratrice) pour assurer la coh\u00e9sion et la qualit\u00e9 constante de tous les projets, depuis leur phase de conception jusqu\u2019au suivi du chantier et leur r\u00e9ception par le ma\u00eetre d\u2019ouvrage. Stephen a \u00e9t\u00e9 nomm\u00e9 \u00ab enabler \u00bb par la CABE dans le cadre de son programme \u00ab Enabling \u00bb. Il a \u00e9galement travaill\u00e9 en tant que consultant pour l&rsquo;Agence de d\u00e9veloppement de Londres, en tant que membre de son groupe de conseillers en design, et en tant que membre du groupe de conseil en design de Newham. Il a donn\u00e9 de nombreuses conf\u00e9rences sur l&rsquo;architecture et l&rsquo;urbanisme dans toute l&rsquo;Europe et est actuellement ma\u00eetre de conf\u00e9rence \u00e0 l&rsquo;\u00e9cole d&rsquo;art, d&rsquo;architecture et de design de la CASS, o\u00f9 il enseigne depuis 2007.<\/details>\n\n\n\n<p> <\/p>\n<details>\n<summary><span style=\"text-decoration: underline;\">Marie de Bryas<\/span><\/summary>\nMarie est co-directrice du bureau fran\u00e7ais, ouvert en 2022. En France, Marie est responsable de la gestion du cabinet et est conjointement responsable avec Stephen de la direction et de la strat\u00e9gie en mati\u00e8re de design.\n\nElle a \u00e9tudi\u00e9 \u00e0 l&rsquo;universit\u00e9 de Bath et \u00e0 l&rsquo;universit\u00e9 d&rsquo;\u00c9dimbourg, o\u00f9 elle a obtenu son dipl\u00f4me en 2020. Depuis qu&rsquo;elle a rejoint l&rsquo;agence en 2020, Marie a particip\u00e9 \u00e0 un certain nombre de projets, dont le d\u00e9veloppement de 50 nouveaux logements dans le Hertfordshire, ainsi qu&rsquo;\u00e0 des programmes de logement pour la municipalit\u00e9 de Southwark.\n\nMarie est inscrite \u00e0 la fois aux tableaux d&rsquo;architectes en France et au Royaume-Uni.\n<\/details>\n\n\n\n<p> <\/p><details>\n<summary><span style=\"text-decoration: underline;\">Lucie Regent<\/span><\/summary>\nN\u00e9e en France, Lucie est titulaire d&rsquo;une ma\u00eetrise en gestion des arts de l&rsquo;Universit\u00e9 de Lille. Elle a eu sa propre soci\u00e9t\u00e9 de presse et de relations publiques en France o\u00f9 elle a travaill\u00e9 pour des festivals tels que le Festival International de la Photographie d\u2019Arles. Elle s\u2019est install\u00e9e en Angleterre et a rejoint STA en 2002. Elle fait partie int\u00e9grante de l\u2019\u00e9quipe qui g\u00e8re le bureau et ses finances.<\/details>\n<\/div>\n\n<div style=\"height:60px\" aria-hidden=\"true\" class=\"wp-block-spacer\"><\/div>\n\n<h5 class=\"wp-block-heading has-medium-font-size\">Collaborateurs<\/h5>\n\n<div style=\"height:60px\" aria-hidden=\"true\" class=\"wp-block-spacer\"><\/div>\n\n<p style=\"font-size:15px\">Andrew Houlton <\/p>\n\n<p style=\"font-size:15px\">Brockmann Stierlin Architekten <\/p>\n\n<p style=\"font-size:15px\">Dow Jones Architects <\/p>\n\n<p style=\"font-size:15px\">Happel Cornelisse Verhoeven <\/p>\n\n<p style=\"font-size:15px\">Laurent Capitani <\/p>\n\n<p style=\"font-size:15px\">Mouchel Parkman<\/p>\n\n<p style=\"font-size:15px\"> Stanton Williams Architects <\/p>\n\n<p style=\"font-size:15px\">Henley Halebrown <\/p>\n\n<p style=\"font-size:15px\">Karakusevic Carson Architects<\/p>\n\n<p style=\"font-size:15px\">East Architecture Landscape Urban Design <\/p>\n\n<p style=\"font-size:15px\">Bureau Bouwtechniek <\/p>\n\n<p style=\"font-size:15px\">Sergison Bates <\/p>\n\n<p style=\"font-size:15px\">Allies and Morrison<\/p>\n\n<p style=\"font-size:15px\">Bovenbouw Architectuur<\/p>\n\n<p style=\"font-size:15px\">Jonathan Cook Landscape Architects<\/p>\n\n<div style=\"height:60px\" aria-hidden=\"true\" class=\"wp-block-spacer\"><\/div>\n\n<h5 class=\"wp-block-heading has-medium-font-size\">Photographes<\/h5>\n\n<div style=\"height:60px\" aria-hidden=\"true\" class=\"wp-block-spacer\"><\/div>\n\n<p style=\"font-size:15px\">David Grandorge <\/p>\n\n<p style=\"font-size:15px\">Ioana Marinescu <\/p>\n\n<p style=\"font-size:15px\">Paul Tyagi <\/p>\n\n<p style=\"font-size:15px\">Gary Taylor <\/p>\n\n<p style=\"font-size:15px\">Simon Lewis<\/p>\n","protected":false},"excerpt":{"rendered":"<p>Royaume-Uni Stephen Taylor Il est actuellement responsable de tous les projets qui passent par l\u2019agence, en France et au Royaume-Uni. Il travaille en \u00e9troite collaboration avec tous les membres de l\u2019\u00e9quipe (architectes, assistants et administratrice) pour assurer la coh\u00e9sion et la qualit\u00e9 constante de tous les projets, depuis leur phase de conception jusqu\u2019au suivi du&#8230;<\/p>\n","protected":false},"author":1,"featured_media":0,"parent":0,"menu_order":0,"comment_status":"closed","ping_status":"closed","template":"","meta":{"footnotes":""},"class_list":["post-2880","page","type-page","status-publish","hentry"],"_links":{"self":[{"href":"https:\/\/www.stephentaylorarchitects.co.uk\/fr\/wp-json\/wp\/v2\/pages\/2880","targetHints":{"allow":["GET"]}}],"collection":[{"href":"https:\/\/www.stephentaylorarchitects.co.uk\/fr\/wp-json\/wp\/v2\/pages"}],"about":[{"href":"https:\/\/www.stephentaylorarchitects.co.uk\/fr\/wp-json\/wp\/v2\/types\/page"}],"author":[{"embeddable":true,"href":"https:\/\/www.stephentaylorarchitects.co.uk\/fr\/wp-json\/wp\/v2\/users\/1"}],"replies":[{"embeddable":true,"href":"https:\/\/www.stephentaylorarchitects.co.uk\/fr\/wp-json\/wp\/v2\/comments?post=2880"}],"version-history":[{"count":14,"href":"https:\/\/www.stephentaylorarchitects.co.uk\/fr\/wp-json\/wp\/v2\/pages\/2880\/revisions"}],"predecessor-version":[{"id":4106,"href":"https:\/\/www.stephentaylorarchitects.co.uk\/fr\/wp-json\/wp\/v2\/pages\/2880\/revisions\/4106"}],"wp:attachment":[{"href":"https:\/\/www.stephentaylorarchitects.co.uk\/fr\/wp-json\/wp\/v2\/media?parent=2880"}],"curies":[{"name":"wp","href":"https:\/\/api.w.org\/{rel}","templated":true}]}}