{"id":2879,"date":"2018-07-09T08:19:24","date_gmt":"2018-07-09T08:19:24","guid":{"rendered":"http:\/\/www.stephentaylorarchitects.co.uk\/contact\/"},"modified":"2025-07-21T09:21:08","modified_gmt":"2025-07-21T09:21:08","slug":"contact","status":"publish","type":"page","link":"https:\/\/www.stephentaylorarchitects.co.uk\/fr\/contact\/","title":{"rendered":"Contact"},"content":{"rendered":"<p><strong>STEPHEN TAYLOR ARCHITECTES<\/strong><\/p>\n<p><b>LONDRES<\/b><br \/>23-29 DE BEAUVOIR ROAD<br \/>LONDON N1 5SF<br \/>UNITED KINGDOM<br \/>(+44) 020 7729 1672<\/p>\n<p><strong><a href=\"mailto:studio@stephentaylorarchitects.co.uk\">studio@stephentaylorarchitects.co.uk<\/a><\/strong><\/p>\n<p><b>PARIS<\/b><\/p>\n<p>32 BOULEVARD DU TEMPLES<br \/>75011 PARIS <br \/>FRANCE<br \/>(+33) 09 77 73 38 64<\/p>\n<p><strong><a href=\"mailto:contact@stephentaylorarchitectes.fr\">contact@stephentaylorarchitectes.fr<\/a><\/strong><\/p>\n<p><b>CEVENNES<\/b><\/p>\n<p>MOULIN DE CROISANCE<br \/>48330 SAINT-ETIENNE-VALLEE-FRANCAISE<br \/>FRANCE<br \/>(+33) 09 77 73 38 64<\/p>\n<p><strong><a href=\"mailto:contact@stephentaylorarchitectes.fr\">contact@stephentaylorarchitectes.fr<\/a><\/strong><\/p>\n<p>&#8212;&#8212;&#8211;<\/p>\n<p>Stephen Taylor Architects accueille des personnes d&rsquo;origines diverses et offre l&rsquo;\u00e9galit\u00e9 des chances \u00e0 tous. Nos offres suivent la grille salariale de l&rsquo;ordre des architectes.<\/p>\n<p><a href=\"https:\/\/www.stephentaylorarchitectes.fr\/politique-de-confidentialite\/\">Politique de confidentialit\u00e9 <\/a><\/p>\n\n<p><\/p>\n","protected":false},"excerpt":{"rendered":"<p>STEPHEN TAYLOR ARCHITECTES LONDRES23-29 DE BEAUVOIR ROADLONDON N1 5SFUNITED KINGDOM(+44) 020 7729 1672 studio@stephentaylorarchitects.co.uk PARIS 32 BOULEVARD DU TEMPLES75011 PARIS FRANCE(+33) 09 77 73 38 64 contact@stephentaylorarchitectes.fr CEVENNES MOULIN DE CROISANCE48330 SAINT-ETIENNE-VALLEE-FRANCAISEFRANCE(+33) 09 77 73 38 64 contact@stephentaylorarchitectes.fr &#8212;&#8212;&#8211; Stephen Taylor Architects accueille des personnes d&rsquo;origines diverses et offre l&rsquo;\u00e9galit\u00e9 des chances \u00e0 tous. Nos&#8230;<\/p>\n","protected":false},"author":1,"featured_media":0,"parent":0,"menu_order":0,"comment_status":"closed","ping_status":"closed","template":"","meta":{"footnotes":""},"class_list":["post-2879","page","type-page","status-publish","hentry"],"_links":{"self":[{"href":"https:\/\/www.stephentaylorarchitects.co.uk\/fr\/wp-json\/wp\/v2\/pages\/2879","targetHints":{"allow":["GET"]}}],"collection":[{"href":"https:\/\/www.stephentaylorarchitects.co.uk\/fr\/wp-json\/wp\/v2\/pages"}],"about":[{"href":"https:\/\/www.stephentaylorarchitects.co.uk\/fr\/wp-json\/wp\/v2\/types\/page"}],"author":[{"embeddable":true,"href":"https:\/\/www.stephentaylorarchitects.co.uk\/fr\/wp-json\/wp\/v2\/users\/1"}],"replies":[{"embeddable":true,"href":"https:\/\/www.stephentaylorarchitects.co.uk\/fr\/wp-json\/wp\/v2\/comments?post=2879"}],"version-history":[{"count":13,"href":"https:\/\/www.stephentaylorarchitects.co.uk\/fr\/wp-json\/wp\/v2\/pages\/2879\/revisions"}],"predecessor-version":[{"id":4108,"href":"https:\/\/www.stephentaylorarchitects.co.uk\/fr\/wp-json\/wp\/v2\/pages\/2879\/revisions\/4108"}],"wp:attachment":[{"href":"https:\/\/www.stephentaylorarchitects.co.uk\/fr\/wp-json\/wp\/v2\/media?parent=2879"}],"curies":[{"name":"wp","href":"https:\/\/api.w.org\/{rel}","templated":true}]}}